{"id":1821,"date":"2021-12-24T19:15:24","date_gmt":"2021-12-24T16:15:24","guid":{"rendered":"https:\/\/dramex.com.tr\/mitteilung-zustimmungserklaerung-text\/"},"modified":"2022-08-10T17:16:39","modified_gmt":"2022-08-10T14:16:39","slug":"mitteilung-zustimmungserklaerung-text","status":"publish","type":"page","link":"https:\/\/dramex.com.tr\/de\/mitteilung-zustimmungserklaerung-text\/","title":{"rendered":"Mitteilung Zustimmungserkl\u00e4rung Text"},"content":{"rendered":"\n<p><\/p>\n\n<p>Mit der Annahme der Kommunikationserlaubnis von \u00d6zkanlar Elektronik \u0130leti\u015fim \u0130n\u015faat ve G\u0131da Ticaret Limited \u015eirketi willigen Sie in die Erhebung, Speicherung, Verarbeitung, Nutzung und \u00dcbermittlung Ihrer personenbezogenen Daten, in deren Weitergabe an uns Sie eingewilligt haben, zum Zwecke der elektronischen Kommunikation und des Versands anderer Mitteilungen an Sie ein.<\/p>\n\n<p>Zu den gleichen Zwecken k\u00f6nnen Ihre personenbezogenen Daten an alle unsere verbundenen Unternehmen und Tochtergesellschaften sowie an in- und\/oder ausl\u00e4ndische Dritte, mit denen wir in einem Vertragsverh\u00e4ltnis stehen, weitergegeben werden. werden an Partnerunternehmen weitergegeben. Dar\u00fcber hinaus d\u00fcrfen diese Informationen nur an Dritte weitergegeben werden, mit denen wir in einer vertraglichen Beziehung stehen, um Ihnen die gew\u00fcnschten Dienstleistungen zu erbringen, um Ihre eventuellen Sendungen auf gesunde Weise zuzustellen, um Benachrichtigungen per Telefon, SMS, E-Mail und andere elektronische Kommunikationsmittel rechtzeitig zuzustellen, die die gleichen rechtlichen und technischen Verpflichtungen wie wir in Bezug auf Datenschutz und Sicherheit haben und die die Bestimmungen der einschl\u00e4gigen Gesetzgebung einhalten. werden nur im Bedarfsfall und im erforderlichen Umfang an Personen weitergegeben. Wenn Sie die Zustimmung zur Kommunikation akzeptieren, werden die Daten vom Betreiber der elektronischen Kommunikation mit Ihrer ausdr\u00fccklichen Zustimmung verarbeitet und auf der Grundlage der rechtlichen Beziehung zwischen dem Betreiber der elektronischen Kommunikation und uns weitergegeben.<\/p>\n\n<p>Sie erkl\u00e4ren sich mit der Verarbeitung zum Zwecke der elektronischen Kommunikation aller Art und der \u00dcbermittlung anderer Mitteilungen einverstanden. Wenn Sie Ihre Zustimmung zur Kommunikation widerrufen m\u00f6chten, k\u00f6nnen Sie dies jederzeit gegen\u00fcber \u00d6zkanlar Elektronik \u0130leti\u015fim \u0130n\u015faat ve G\u0131da Ticaret Limited \u015eirketi auf dem Weg tun, auf dem Sie Ihre Zustimmung gegeben haben (SMS, E-Mail, Website und andere Methoden).<\/p>\n\n<p>Sie akzeptieren und erkl\u00e4ren, dass Sie der Nutzung und Speicherung Ihrer personenbezogenen Daten durch \u00d6zkanlar Elektronik \u0130leti\u015fim \u0130n\u015faat ve G\u0131da Ticaret Limited \u015eirketi auf diese Weise ausdr\u00fccklich zugestimmt haben.<\/p>\n","protected":false},"excerpt":{"rendered":"<p>Mit der Annahme der Kommunikationserlaubnis von \u00d6zkanlar Elektronik \u0130leti\u015fim \u0130n\u015faat ve G\u0131da Ticaret Limited \u015eirketi willigen Sie in die Erhebung, Speicherung, Verarbeitung, Nutzung und \u00dcbermittlung Ihrer<span class=\"excerpt-hellip\"> [\u2026]<\/span><\/p>\n","protected":false},"author":1,"featured_media":0,"parent":0,"menu_order":0,"comment_status":"closed","ping_status":"closed","template":"","meta":{"footnotes":""},"class_list":["post-1821","page","type-page","status-publish","hentry"],"_links":{"self":[{"href":"https:\/\/dramex.com.tr\/de\/wp-json\/wp\/v2\/pages\/1821","targetHints":{"allow":["GET"]}}],"collection":[{"href":"https:\/\/dramex.com.tr\/de\/wp-json\/wp\/v2\/pages"}],"about":[{"href":"https:\/\/dramex.com.tr\/de\/wp-json\/wp\/v2\/types\/page"}],"author":[{"embeddable":true,"href":"https:\/\/dramex.com.tr\/de\/wp-json\/wp\/v2\/users\/1"}],"replies":[{"embeddable":true,"href":"https:\/\/dramex.com.tr\/de\/wp-json\/wp\/v2\/comments?post=1821"}],"version-history":[{"count":2,"href":"https:\/\/dramex.com.tr\/de\/wp-json\/wp\/v2\/pages\/1821\/revisions"}],"predecessor-version":[{"id":1824,"href":"https:\/\/dramex.com.tr\/de\/wp-json\/wp\/v2\/pages\/1821\/revisions\/1824"}],"wp:attachment":[{"href":"https:\/\/dramex.com.tr\/de\/wp-json\/wp\/v2\/media?parent=1821"}],"curies":[{"name":"wp","href":"https:\/\/api.w.org\/{rel}","templated":true}]}}