{"id":2468,"date":"2021-12-24T19:14:34","date_gmt":"2021-12-24T16:14:34","guid":{"rendered":"https:\/\/dramex.com.tr\/richtlinie-zum-schutz-und-zur-verarbeitung-personenbezogener-daten\/"},"modified":"2022-08-10T17:08:11","modified_gmt":"2022-08-10T14:08:11","slug":"richtlinie-zum-schutz-und-zur-verarbeitung-personenbezogener-daten","status":"publish","type":"page","link":"https:\/\/dramex.com.tr\/de\/richtlinie-zum-schutz-und-zur-verarbeitung-personenbezogener-daten\/","title":{"rendered":"Richtlinie zum Schutz und zur Verarbeitung personenbezogener Daten"},"content":{"rendered":"\n<h4 class=\"wp-block-heading\">Zweck der Richtlinie zum Schutz personenbezogener Daten und zur Verarbeitung:<\/h4>\n\n<p>Zweck der Datenschutz- und Verarbeitungsrichtlinie, im Rahmen des Gesetzes Nr. 6698 zum Schutz personenbezogener Daten, der Inhalt von \u00d6zkanlar Elektronik \u0130leti\u015fim \u0130n\u015faat ve G\u0131da Ticaret Limited \u015eirketi in m\u00fcndlichen, schriftlichen oder elektronischen Medien, \u00fcber das Callcenter, die Website, Mobile Anwendungen, soziale Medien und \u00e4hnliche Kan\u00e4le. In Bezug auf die Verarbeitung und \u00dcbertragung personenbezogener Daten, die der Benutzer mit dem Unternehmen teilt oder die das Unternehmen w\u00e4hrend seiner Nutzung durch den Benutzer, Besucher und andere Personen erzeugt, wird unser Unternehmen das Verfahren zur Verarbeitung implementieren, \u00dcbertragung, Schutz und gegebenenfalls Vernichtung personenbezogener Daten im Rahmen des Gesetzes zum Schutz personenbezogener Daten Nr. informiert \u00fcber unsere Unternehmenspolitik in Bezug auf die Grunds\u00e4tze.<\/p>\n\n<hr class=\"wp-block-separator\"\/>\n\n<h4 class=\"wp-block-heading\">Erhebung und Verarbeitung personenbezogener Daten:<\/h4>\n\n<p>Es wird angewendet, wenn es m\u00fcndlich, schriftlich oder elektronisch \u00fcber das Callcenter, die Website, mobile Anwendungen, soziale Medien und \u00e4hnliche Kan\u00e4le vollst\u00e4ndig oder teilweise automatisiert oder auf nicht automatische Weise bereitgestellt wird, sofern es Teil einer Datenaufzeichnung ist System. Ihre personenbezogenen Daten k\u00f6nnen unter anderem wie folgt verarbeitet werden.<\/p>\n\n<ul class=\"wp-block-list\"><li>Ihre personenbezogenen Daten, anhand derer wir Sie identifizieren k\u00f6nnen, wie z. B. Name, Nachname, Telefonnummer, TR-ID-Nummer, E-Mail-Adresse, Kundennummer, Vertragsnummer, Bewerbungen und Ihre zugewiesene Benutzerkennung.<\/li><li>Ihren Geburtsort und Ihr Geburtsdatum, Ihren Familienstand, Ihr Geschlecht und andere Identifikationsinformationen.<\/li><li>Ihre grundlegenden Kundeninformationen, wie Ihre Rechnung, Finanz- und Schuldeninformationen, Servicetyp und Servicegeschwindigkeiten f\u00fcr die Produkte und Dienstleistungen, die Sie erhalten haben.<\/li><li>Ihre personenbezogenen Daten, die Sie erhalten, wenn Sie uns per E-Mail, Brief oder auf rechtlichem Wege kontaktieren, wobei Ihre Sprachanrufaufzeichnungen gem\u00e4\u00df Call-Center-Standards aufbewahrt werden.<\/li><li>Ihre Kredit- und Debitkarteninformationen, Filialcode, Kontonummer und gesetzliche Bankinformationen.<\/li><li>Ihre Verhaltensinformationen auf Websites und mobilen Anwendungen, Ihre Nutzungsdaten, die aus Ihren elektronischen Verkehrsdaten generiert werden, die von Ihnen bereitgestellten Inhalte und pers\u00f6nlichen Informationen und Ihre Pr\u00e4ferenzen in Bezug auf die Nutzung bestimmter Produkte und Dienste.<\/li><li>Wenn Sie sich auf eine Stelle bewerben, Ihre personenbezogenen Daten, einschlie\u00dflich des in diesem Zusammenhang bereitgestellten Lebenslaufs, und alle Arten von personenbezogenen Daten im Zusammenhang mit Ihrem Dienstvertrag und Ihrer Arbeitsneigung, wenn Sie ein Angestellter oder ein verbundener Angestellter sind.<\/li><\/ul>\n<p>Dar\u00fcber hinaus, wenn Sie entsprechende Newsletter, Benachrichtigungen und andere Dienste abonnieren, wenn Sie uns eine Frage stellen oder eine Beschwerde \u00fcber ein Produkt oder eine Dienstleistung melden, oder wenn Sie an Umfragen teilnehmen, andere Produkte oder Dienstleistungen nutzen oder andere Gruppen-Webseiten besuchen ; oder Wenn Sie diese Websites besuchen, k\u00f6nnen Ihre personenbezogenen Daten verarbeitet werden.<\/p>\n\n<hr class=\"wp-block-separator\"\/>\n\n<h4 class=\"wp-block-heading\">Zweck der Verarbeitung personenbezogener Daten:<\/h4>\n\n<ul class=\"wp-block-list\"><li>Um Sie \u00fcber den Prozess zu informieren, wenn Sie unsere Produkte und Dienstleistungen nutzen.<\/li><li>Um Sie \u00fcber neue Produkte und Dienstleistungen auf dem Laufenden zu halten und Ihnen entsprechende Dienstleistungen anzubieten.<\/li><li>Analyse zur Verbesserung unserer Produkte und Dienstleistungen<\/li><li>Aus- und Weiterbildung unserer Mitarbeiter<\/li><li>Abrechnung f\u00fcr Ihre Nutzung unserer Produkte und Dienstleistungen<\/li><li>Best\u00e4tigung Ihrer Identit\u00e4t<\/li><li>Bereitstellung notwendiger Informationen f\u00fcr offizielle Beh\u00f6rden und Regulierungs- und Aufsichtsinstitutionen im Einklang mit ihren Anfragen und Inspektionen<\/li><li>Sicherstellung der Konsistenz Ihrer Informationen.<\/li><li>Messung und Auswertung der Kundenzufriedenheit.<\/li><li>Verwaltung von Kundendienstvorg\u00e4ngen<\/li><\/ul>\n<p>einschlie\u00dflich, aber nicht beschr\u00e4nkt auf die Bereitstellung von Dienstleistungen, Analyse von Produkten und Dienstleistungen, Marketingaktivit\u00e4ten und Kommunikation wie Kampagnen, Produkte, Strategiebestimmung und -messung, Kundenservice und -zufriedenheit, Finanzberichterstattung und -analyse, rechtliche Nachverfolgung und \u00e4hnliche Zwecke.<\/p>\n\n<hr class=\"wp-block-separator\"\/>\n\n<h4 class=\"wp-block-heading\">\u00dcbermittlung personenbezogener Daten:<\/h4>\n\n<p>In F\u00e4llen, in denen das Datenschutzgesetz und andere Gesetze dies erfordern; 5 des Datenschutzgesetzes. 2 des Artikels. Absatz und 6. 3 des Artikels. Wenn die in Absatz 1 genannten Voraussetzungen vorliegen, k\u00f6nnen die Daten ohne ausdr\u00fcckliche Zustimmung in der gesetzlich vorgeschriebenen Weise und innerhalb der Grenzen an die zust\u00e4ndige Verwaltungs- oder Justizbeh\u00f6rde oder -organisation \u00fcbermittelt werden.<\/p>\n\n<p>Auch wenn die \u00dcbertragung personenbezogener Daten f\u00fcr ein Produkt, eine Dienstleistung oder die Nutzung und den Schutz erforderlich ist.<\/p>\n\n<p>Sie k\u00f6nnen mit unseren Gesch\u00e4ftspartnern und anderen Dritten geteilt werden, mit denen wir zusammenarbeiten, um unsere Dienstleistungen und Aktivit\u00e4ten zu entwickeln und durchzuf\u00fchren.<\/p>\n","protected":false},"excerpt":{"rendered":"<p>Zweck der Richtlinie zum Schutz personenbezogener Daten und zur Verarbeitung: Zweck der Datenschutz- und Verarbeitungsrichtlinie, im Rahmen des Gesetzes Nr. 6698 zum Schutz personenbezogener Daten, der<span class=\"excerpt-hellip\"> [\u2026]<\/span><\/p>\n","protected":false},"author":1,"featured_media":0,"parent":0,"menu_order":0,"comment_status":"closed","ping_status":"closed","template":"","meta":{"footnotes":""},"class_list":["post-2468","page","type-page","status-publish","hentry"],"_links":{"self":[{"href":"https:\/\/dramex.com.tr\/de\/wp-json\/wp\/v2\/pages\/2468","targetHints":{"allow":["GET"]}}],"collection":[{"href":"https:\/\/dramex.com.tr\/de\/wp-json\/wp\/v2\/pages"}],"about":[{"href":"https:\/\/dramex.com.tr\/de\/wp-json\/wp\/v2\/types\/page"}],"author":[{"embeddable":true,"href":"https:\/\/dramex.com.tr\/de\/wp-json\/wp\/v2\/users\/1"}],"replies":[{"embeddable":true,"href":"https:\/\/dramex.com.tr\/de\/wp-json\/wp\/v2\/comments?post=2468"}],"version-history":[{"count":1,"href":"https:\/\/dramex.com.tr\/de\/wp-json\/wp\/v2\/pages\/2468\/revisions"}],"predecessor-version":[{"id":2469,"href":"https:\/\/dramex.com.tr\/de\/wp-json\/wp\/v2\/pages\/2468\/revisions\/2469"}],"wp:attachment":[{"href":"https:\/\/dramex.com.tr\/de\/wp-json\/wp\/v2\/media?parent=2468"}],"curies":[{"name":"wp","href":"https:\/\/api.w.org\/{rel}","templated":true}]}}