{"id":2801,"date":"2023-12-29T15:26:28","date_gmt":"2023-12-29T12:26:28","guid":{"rendered":"https:\/\/dramex.com.tr\/urunlerimiz\/kategorilenmemis\/mx10-kablosuz-mikrofonlu-kulaklik-beyaz\/"},"modified":"2024-02-05T11:44:52","modified_gmt":"2024-02-05T08:44:52","slug":"mx10-kablosuz-mikrofonlu-kulaklik-beyaz","status":"publish","type":"product","link":"https:\/\/dramex.com.tr\/de\/urunlerimiz\/musik-und-audio\/mx10-kablosuz-mikrofonlu-kulaklik-beyaz\/","title":{"rendered":"MX10 Drahtloser Kopfh\u00f6rer mit Mikrofon \/ Wei\u00df"},"content":{"rendered":"<h4><strong>\u00dcBER DAS PRODUKT<\/strong><br \/>\nKABELLOSES BLUETOOTH-HEADSET<\/h4>\n<h5>Technische Daten<br \/>\nKompatibel mit allen Bluetooth-f\u00e4higen Ger\u00e4ten<br \/>\nBluetooth-Version: Bluetooth 5.3<br \/>\nTWS-Modell: MX10<br \/>\nBT-Version: BT5.3<br \/>\nStandby-Zeit: 7-10 Tage<br \/>\nMusik Dauer: 7-8 Stunden<br \/>\nSprechzeit: 6-7 Stunden<br \/>\nAufladezeit: 1,5 Stunden<br \/>\nBox-Akku 300 mAh<br \/>\nHeadset-Akku: 45 mAh<\/h5>\n","protected":false},"excerpt":{"rendered":"<p>\u00dcBER DAS PRODUKT KABELLOSES BLUETOOTH-HEADSET Technische Daten Kompatibel mit allen Bluetooth-f\u00e4higen Ger\u00e4ten Bluetooth-Version: Bluetooth 5.3 TWS-Modell: MX10 BT-Version: BT5.3 Standby-Zeit: 7-10 Tage Musik Dauer: 7-8 Stunden<span class=\"excerpt-hellip\"> [\u2026]<\/span><\/p>\n","protected":false},"featured_media":2788,"template":"","meta":[],"product_brand":[],"product_cat":[92],"product_tag":[],"class_list":{"0":"post-2801","1":"product","2":"type-product","3":"status-publish","4":"has-post-thumbnail","6":"product_cat-musik-und-audio","8":"first","9":"instock","10":"shipping-taxable","11":"product-type-simple"},"_links":{"self":[{"href":"https:\/\/dramex.com.tr\/de\/wp-json\/wp\/v2\/product\/2801","targetHints":{"allow":["GET"]}}],"collection":[{"href":"https:\/\/dramex.com.tr\/de\/wp-json\/wp\/v2\/product"}],"about":[{"href":"https:\/\/dramex.com.tr\/de\/wp-json\/wp\/v2\/types\/product"}],"wp:featuredmedia":[{"embeddable":true,"href":"https:\/\/dramex.com.tr\/de\/wp-json\/wp\/v2\/media\/2788"}],"wp:attachment":[{"href":"https:\/\/dramex.com.tr\/de\/wp-json\/wp\/v2\/media?parent=2801"}],"wp:term":[{"taxonomy":"product_brand","embeddable":true,"href":"https:\/\/dramex.com.tr\/de\/wp-json\/wp\/v2\/product_brand?post=2801"},{"taxonomy":"product_cat","embeddable":true,"href":"https:\/\/dramex.com.tr\/de\/wp-json\/wp\/v2\/product_cat?post=2801"},{"taxonomy":"product_tag","embeddable":true,"href":"https:\/\/dramex.com.tr\/de\/wp-json\/wp\/v2\/product_tag?post=2801"}],"curies":[{"name":"wp","href":"https:\/\/api.w.org\/{rel}","templated":true}]}}