{"id":2807,"date":"2023-12-29T14:47:41","date_gmt":"2023-12-29T11:47:41","guid":{"rendered":"https:\/\/dramex.com.tr\/urunlerimiz\/kategorilenmemis\/dx50-kablosuz-mikrofonlu-kulaklik\/"},"modified":"2024-02-05T11:51:36","modified_gmt":"2024-02-05T08:51:36","slug":"dx50-kablosuz-mikrofonlu-kulaklik","status":"publish","type":"product","link":"https:\/\/dramex.com.tr\/de\/urunlerimiz\/musik-und-audio\/dx50-kablosuz-mikrofonlu-kulaklik\/","title":{"rendered":"DX50 Drahtloses Headset mit Mikrofon"},"content":{"rendered":"<h4><strong>\u00dcBER DAS PRODUKT<\/strong><br \/>\nSCHNURLOSES BLUETOOTH-KOPFH\u00d6RER<\/h4>\n<h5>Technische Daten<br \/>\nKompatibel mit allen Bluetooth-f\u00e4higen Ger\u00e4ten<br \/>\nBluetooth-Version: Bluetooth 5.3<br \/>\nTWS-Modell: DX50<br \/>\nBT-Version: BT5.3<br \/>\nStandby-Zeit:60 Stunden<br \/>\nMusik Dauer 4 Stunden<br \/>\nSprechzeit: 3,5 Stunden<br \/>\nAufladezeit: 1 Stunde<br \/>\nBox-Akku 230 mAh<br \/>\nHeadset-Akku: 30 mAh<\/h5>\n","protected":false},"excerpt":{"rendered":"<p>\u00dcBER DAS PRODUKT SCHNURLOSES BLUETOOTH-KOPFH\u00d6RER Technische Daten Kompatibel mit allen Bluetooth-f\u00e4higen Ger\u00e4ten Bluetooth-Version: Bluetooth 5.3 TWS-Modell: DX50 BT-Version: BT5.3 Standby-Zeit:60 Stunden Musik Dauer 4 Stunden Sprechzeit:<span class=\"excerpt-hellip\"> [\u2026]<\/span><\/p>\n","protected":false},"featured_media":2773,"template":"","meta":[],"product_brand":[],"product_cat":[92],"product_tag":[],"class_list":{"0":"post-2807","1":"product","2":"type-product","3":"status-publish","4":"has-post-thumbnail","6":"product_cat-musik-und-audio","8":"first","9":"instock","10":"shipping-taxable","11":"product-type-simple"},"_links":{"self":[{"href":"https:\/\/dramex.com.tr\/de\/wp-json\/wp\/v2\/product\/2807","targetHints":{"allow":["GET"]}}],"collection":[{"href":"https:\/\/dramex.com.tr\/de\/wp-json\/wp\/v2\/product"}],"about":[{"href":"https:\/\/dramex.com.tr\/de\/wp-json\/wp\/v2\/types\/product"}],"wp:featuredmedia":[{"embeddable":true,"href":"https:\/\/dramex.com.tr\/de\/wp-json\/wp\/v2\/media\/2773"}],"wp:attachment":[{"href":"https:\/\/dramex.com.tr\/de\/wp-json\/wp\/v2\/media?parent=2807"}],"wp:term":[{"taxonomy":"product_brand","embeddable":true,"href":"https:\/\/dramex.com.tr\/de\/wp-json\/wp\/v2\/product_brand?post=2807"},{"taxonomy":"product_cat","embeddable":true,"href":"https:\/\/dramex.com.tr\/de\/wp-json\/wp\/v2\/product_cat?post=2807"},{"taxonomy":"product_tag","embeddable":true,"href":"https:\/\/dramex.com.tr\/de\/wp-json\/wp\/v2\/product_tag?post=2807"}],"curies":[{"name":"wp","href":"https:\/\/api.w.org\/{rel}","templated":true}]}}