{"id":2225,"date":"2022-05-16T16:38:08","date_gmt":"2022-05-16T13:38:08","guid":{"rendered":"https:\/\/dramex.com.tr\/urunlerimiz\/uncategorized\/j03k-0-6a-charge-adapter-micro-usb-charge-cable\/"},"modified":"2022-08-09T16:26:18","modified_gmt":"2022-08-09T13:26:18","slug":"j03k-0-6a-charge-adapter-micro-usb-charge-cable","status":"publish","type":"product","link":"https:\/\/dramex.com.tr\/en\/urunlerimiz\/charger\/j03k-0-6a-charge-adapter-micro-usb-charge-cable\/","title":{"rendered":"J03K Micro-USB Charge Adapter"},"content":{"rendered":"","protected":false},"excerpt":{"rendered":"<ul>\n<li>A\u015f\u0131r\u0131 Ak\u0131m Korumas\u0131<\/li>\n<li>K\u0131sa Devre Korumas\u0131<\/li>\n<li>A\u015f\u0131r\u0131 Ak\u0131m Korumas\u0131<\/li>\n<li>H\u0131zl\u0131 \u015earj<\/li>\n<li>Ta\u015f\u0131nabilir<\/li>\n<li>100 cm. Micro USB \u015earj ve Data Kablosu<\/li>\n<\/ul>\n","protected":false},"featured_media":1615,"template":"","meta":[],"product_brand":[],"product_cat":[80],"product_tag":[],"class_list":{"0":"post-2225","1":"product","2":"type-product","3":"status-publish","4":"has-post-thumbnail","6":"product_cat-charger","8":"first","9":"instock","10":"shipping-taxable","11":"product-type-simple"},"_links":{"self":[{"href":"https:\/\/dramex.com.tr\/en\/wp-json\/wp\/v2\/product\/2225","targetHints":{"allow":["GET"]}}],"collection":[{"href":"https:\/\/dramex.com.tr\/en\/wp-json\/wp\/v2\/product"}],"about":[{"href":"https:\/\/dramex.com.tr\/en\/wp-json\/wp\/v2\/types\/product"}],"wp:featuredmedia":[{"embeddable":true,"href":"https:\/\/dramex.com.tr\/en\/wp-json\/wp\/v2\/media\/1615"}],"wp:attachment":[{"href":"https:\/\/dramex.com.tr\/en\/wp-json\/wp\/v2\/media?parent=2225"}],"wp:term":[{"taxonomy":"product_brand","embeddable":true,"href":"https:\/\/dramex.com.tr\/en\/wp-json\/wp\/v2\/product_brand?post=2225"},{"taxonomy":"product_cat","embeddable":true,"href":"https:\/\/dramex.com.tr\/en\/wp-json\/wp\/v2\/product_cat?post=2225"},{"taxonomy":"product_tag","embeddable":true,"href":"https:\/\/dramex.com.tr\/en\/wp-json\/wp\/v2\/product_tag?post=2225"}],"curies":[{"name":"wp","href":"https:\/\/api.w.org\/{rel}","templated":true}]}}